{"id":2,"date":"2025-11-29T21:53:45","date_gmt":"2025-11-29T21:53:45","guid":{"rendered":"https:\/\/realitytimesht.com\/?page_id=2"},"modified":"2026-02-17T16:11:43","modified_gmt":"2026-02-17T16:11:43","slug":"sample-page","status":"publish","type":"page","link":"https:\/\/realitytimesht.com\/?page_id=2","title":{"rendered":"L&rsquo;infos en Br\u00e8ve"},"content":{"rendered":"\n<p>La rubrique Br\u00e8ve de Reality Times vous propose l\u2019essentiel de l\u2019actualit\u00e9 en format court, clair et percutant.<br>Politique, soci\u00e9t\u00e9, culture, \u00e9conomie, s\u00e9curit\u00e9, \u00e9v\u00e9nements nationaux et internationaux : retrouvez des informations rapides, v\u00e9rifi\u00e9es et accessibles en quelques lignes.<br>Parce que l\u2019information \u00e9volue chaque minute, la Br\u00e8ve vous permet de rester inform\u00e9e en temps r\u00e9el, sans d\u00e9tour, avec rigueur et professionnalisme.<\/p>\n\n\n\n<blockquote class=\"wp-block-quote is-layout-flow wp-block-quote-is-layout-flow\">\n<p>Le Canada a remis, le lundi 16 f\u00e9vrier, dix nouveaux v\u00e9hicules blind\u00e9s \u00e0 la Police nationale d\u2019Ha\u00efti (PNH) lors d\u2019une c\u00e9r\u00e9monie officielle en pr\u00e9sence des autorit\u00e9s ha\u00eftiennes et de l\u2019ambassadeur canadien, quelques semaines apr\u00e8s la livraison de trois autres blind\u00e9s par la R\u00e9publique de Cor\u00e9e ; ces appuis, destin\u00e9s \u00e0 renforcer les capacit\u00e9s op\u00e9rationnelles face \u00e0 l\u2019ins\u00e9curit\u00e9 persistante, illustrent toutefois la d\u00e9pendance continue d\u2019Ha\u00efti \u00e0 l\u2019assistance internationale en mati\u00e8re de s\u00e9curit\u00e9.<\/p>\n<\/blockquote>\n\n\n\n<p><\/p>\n","protected":false},"excerpt":{"rendered":"<p>La rubrique Br\u00e8ve de Reality Times vous propose l\u2019essentiel de l\u2019actualit\u00e9 en format court, clair et percutant.Politique, soci\u00e9t\u00e9,<\/p>\n","protected":false},"author":1,"featured_media":377,"parent":0,"menu_order":0,"comment_status":"closed","ping_status":"closed","template":"","meta":{"advanced_seo_description":"","jetpack_seo_html_title":"","jetpack_seo_noindex":false,"footnotes":""},"class_list":["post-2","page","type-page","status-publish","has-post-thumbnail","hentry"],"jetpack_sharing_enabled":true,"jetpack_likes_enabled":true,"jetpack-related-posts":[],"_links":{"self":[{"href":"https:\/\/realitytimesht.com\/index.php?rest_route=\/wp\/v2\/pages\/2","targetHints":{"allow":["GET"]}}],"collection":[{"href":"https:\/\/realitytimesht.com\/index.php?rest_route=\/wp\/v2\/pages"}],"about":[{"href":"https:\/\/realitytimesht.com\/index.php?rest_route=\/wp\/v2\/types\/page"}],"author":[{"embeddable":true,"href":"https:\/\/realitytimesht.com\/index.php?rest_route=\/wp\/v2\/users\/1"}],"replies":[{"embeddable":true,"href":"https:\/\/realitytimesht.com\/index.php?rest_route=%2Fwp%2Fv2%2Fcomments&post=2"}],"version-history":[{"count":1,"href":"https:\/\/realitytimesht.com\/index.php?rest_route=\/wp\/v2\/pages\/2\/revisions"}],"predecessor-version":[{"id":378,"href":"https:\/\/realitytimesht.com\/index.php?rest_route=\/wp\/v2\/pages\/2\/revisions\/378"}],"wp:featuredmedia":[{"embeddable":true,"href":"https:\/\/realitytimesht.com\/index.php?rest_route=\/wp\/v2\/media\/377"}],"wp:attachment":[{"href":"https:\/\/realitytimesht.com\/index.php?rest_route=%2Fwp%2Fv2%2Fmedia&parent=2"}],"curies":[{"name":"wp","href":"https:\/\/api.w.org\/{rel}","templated":true}]}}